{"id":375,"date":"2025-02-12T12:18:45","date_gmt":"2025-02-12T11:18:45","guid":{"rendered":"https:\/\/vemzom.com\/?post_type=product&#038;p=375"},"modified":"2025-02-12T12:18:46","modified_gmt":"2025-02-12T11:18:46","slug":"camiseta-manga-corta-mujer-con-texto-personalizable","status":"publish","type":"product","link":"https:\/\/vemzom.com\/?product=camiseta-manga-corta-mujer-con-texto-personalizable","title":{"rendered":"CAMISETA MANGA CORTA MUJER CON TEXTO PERSONALIZABLE"},"content":{"rendered":"<p>\u00a1Haz que tu amor llegue a otro planeta con esta camiseta de manga corta!<\/p>\n<p>Caracter\u00edsticas:<\/p>\n<p>Algod\u00f3n 100% hilado en anillos<br \/>\nTono Sport Grey (90% algod\u00f3n, 10% poli\u00e9ster)<br \/>\n153 g\/m\u00b2 (4,5 oz\/yd\u00b2) de pura suavidad<br \/>\nTapeta de hombro a hombro para m\u00e1s resistencia<br \/>\nCuerpo con un cuarto de vuelta para evitar arrugas<br \/>\n\u00a1Y lo mejor de todo! Puedes personalizarla con los nombres de la pareja, iniciales o cualquier texto de hasta 20 caracteres para hacerlo a\u00fan m\u00e1s especial.<\/p>\n<p><strong>C\u00f3mo personalizar:<\/strong><\/p>\n<p>Elige la talla y el color de la camiseta.<br \/>\nIngresa los nombres, iniciales de la pareja u otro texto en el cuadro de personalizaci\u00f3n con un m\u00e1ximo de 20 caracteres.<br \/>\n\u00a1D\u00e9janos el resto a nosotros! Nos aseguraremos de que sea especial.<br \/>\nSi tienes alguna duda sobre el pedido puedes escribirnos a products@vemzom.com y te ayudaremos encantados<\/p>\n<p><strong>Detalles adicionales:<\/strong><\/p>\n<p>Lavado f\u00e1cil: Lavar a m\u00e1quina con agua fr\u00eda y secar al aire para mantener los colores vibrantes.<br \/>\nTiempo de env\u00edo: Las sudaderas personalizadas se preparan con amor y env\u00edan en 7 \u2013 10 d\u00edas].<br \/>\n<strong><em>Al ser una prenda personalizada no se admiten cambios ni devoluciones as\u00ed que aseg\u00farate de que te encanta antes de pedirla.<\/em><\/strong><\/p>\n<p>&nbsp;<\/p>\n","protected":false},"excerpt":{"rendered":"<p>Camiseta manga corta de mujer. Puedes personalizar el texto con un m\u00e1ximo de 20 caracteres o dejar el texto que trae<\/p>\n","protected":false},"featured_media":384,"comment_status":"closed","ping_status":"closed","template":"","meta":[],"product_brand":[],"product_cat":[42,37,21],"product_tag":[30,44,45,43,27,46,29,28,40,33,25,24,31,39,38,26,32],"class_list":{"0":"post-375","1":"product","2":"type-product","3":"status-publish","4":"has-post-thumbnail","6":"product_cat-camisetas","7":"product_cat-mujer","8":"product_cat-ropa","9":"product_tag-beso","10":"product_tag-camiseta","11":"product_tag-camiseta-manga-corta","12":"product_tag-camiseta-personalizada","13":"product_tag-cumpleanos","14":"product_tag-manga-corta","15":"product_tag-novios","16":"product_tag-parejas","17":"product_tag-prendas-personalizadas","18":"product_tag-prendas-unicas","19":"product_tag-regalo-parejas","20":"product_tag-regalo-personalizado","21":"product_tag-ropa","22":"product_tag-ropa-de-diseno","23":"product_tag-ropa-personalizada","24":"product_tag-san-valentin","25":"product_tag-vemzom","27":"first","28":"instock","29":"shipping-taxable","30":"purchasable","31":"product-type-variable"},"jetpack_sharing_enabled":true,"_links":{"self":[{"href":"https:\/\/vemzom.com\/index.php?rest_route=\/wp\/v2\/product\/375","targetHints":{"allow":["GET"]}}],"collection":[{"href":"https:\/\/vemzom.com\/index.php?rest_route=\/wp\/v2\/product"}],"about":[{"href":"https:\/\/vemzom.com\/index.php?rest_route=\/wp\/v2\/types\/product"}],"replies":[{"embeddable":true,"href":"https:\/\/vemzom.com\/index.php?rest_route=%2Fwp%2Fv2%2Fcomments&post=375"}],"wp:featuredmedia":[{"embeddable":true,"href":"https:\/\/vemzom.com\/index.php?rest_route=\/wp\/v2\/media\/384"}],"wp:attachment":[{"href":"https:\/\/vemzom.com\/index.php?rest_route=%2Fwp%2Fv2%2Fmedia&parent=375"}],"wp:term":[{"taxonomy":"product_brand","embeddable":true,"href":"https:\/\/vemzom.com\/index.php?rest_route=%2Fwp%2Fv2%2Fproduct_brand&post=375"},{"taxonomy":"product_cat","embeddable":true,"href":"https:\/\/vemzom.com\/index.php?rest_route=%2Fwp%2Fv2%2Fproduct_cat&post=375"},{"taxonomy":"product_tag","embeddable":true,"href":"https:\/\/vemzom.com\/index.php?rest_route=%2Fwp%2Fv2%2Fproduct_tag&post=375"}],"curies":[{"name":"wp","href":"https:\/\/api.w.org\/{rel}","templated":true}]}}