{"id":208,"date":"2025-02-04T14:10:03","date_gmt":"2025-02-04T13:10:03","guid":{"rendered":"https:\/\/vemzom.com\/?post_type=product&#038;p=208"},"modified":"2025-02-11T21:14:32","modified_gmt":"2025-02-11T20:14:32","slug":"sudadera-chico-personalizada-con-los-nombre-de-la-pareja","status":"publish","type":"product","link":"https:\/\/vemzom.com\/?product=sudadera-chico-personalizada-con-los-nombre-de-la-pareja","title":{"rendered":"SUDADERA HOMBRE PERSONALIZADA CON NOMBRES DE LA PAREJA"},"content":{"rendered":"<p>Celebra el amor con nuestra sudadera personalizada dise\u00f1ada especialmente para parejas. \ud83d\udc95 Esta sudadera \u00fanica incluye los nombres de ambos en un dise\u00f1o elegante y moderno, convirti\u00e9ndola en el regalo perfecto para aniversarios, San Valent\u00edn, bodas, o simplemente para demostrar cu\u00e1nto significa tu persona especial.<\/p>\n<p><strong>Caracter\u00edsticas principales:<\/strong><\/p>\n<p>-Personalizaci\u00f3n exclusiva: A\u00f1ade los nombres de tu pareja y el tuyo para crear una prenda \u00fanica y significativa.<br \/>\n-Material grueso y c\u00e1lido: Ideal para mantenerte abrigado durante los meses m\u00e1s fr\u00edos del a\u00f1o.<br \/>\n-Tejido de calidad premium:<br \/>\n50% algod\u00f3n, 50% poli\u00e9ster para m\u00e1xima comodidad y durabilidad.<br \/>\n-Tejido preencogido que mantiene su forma despu\u00e9s del lavado.<br \/>\n-Fibras hiladas por chorro de aire para un tacto extra suave.<br \/>\n-Dise\u00f1o moderno y duradero: Letras cuidadosamente impresas, con acabados resistentes y costuras de doble puntada en cuello, hombros, sisas, pu\u00f1os y cinturilla.<br \/>\n-Corte cl\u00e1sico y ajuste c\u00f3modo: Perfecto para cualquier estilo.<br \/>\n-Cuello deportivo de spandex con acanalado 1&#215;1, ofreciendo flexibilidad y comodidad adicionales.<br \/>\n-Variedad de tallas y colores: Desde S hasta XXL para adaptarse a todos.<\/p>\n<p><strong>C\u00f3mo personalizar:<\/strong><\/p>\n<p>Elige la talla y el color de la sudadera.<br \/>\nIngresa los nombres de la pareja en el cuadro de personalizaci\u00f3n.<br \/>\n\u00a1D\u00e9janos el resto a nosotros! Nos aseguraremos de que sea especial.<\/p>\n<p><strong>Detalles adicionales:<\/strong><\/p>\n<p>Lavado f\u00e1cil: Lavar a m\u00e1quina con agua fr\u00eda y secar al aire para mantener los colores vibrantes.<br \/>\nTiempo de env\u00edo: Las sudaderas personalizadas se preparan con amor y env\u00edan en 7 &#8211; 10 d\u00edas].<br \/>\n<em><strong>Al ser una prenda personalizada no se admiten cambios ni devoluciones.<\/strong><\/em><\/p>\n","protected":false},"excerpt":{"rendered":"<p>Celebra el amor con nuestra sudadera personalizada dise\u00f1ada especialmente para parejas. \ud83d\udc95 Esta sudadera \u00fanica incluye los nombres de ambos en un dise\u00f1o elegante y moderno, convirti\u00e9ndola en el regalo perfecto<\/p>\n","protected":false},"featured_media":261,"comment_status":"closed","ping_status":"closed","template":"","meta":[],"product_brand":[],"product_cat":[41,21,22],"product_tag":[30,27,29,28,33,25,24,31,26,23,32],"class_list":{"0":"post-208","1":"product","2":"type-product","3":"status-publish","4":"has-post-thumbnail","6":"product_cat-hombre","7":"product_cat-ropa","8":"product_cat-sudaderas","9":"product_tag-beso","10":"product_tag-cumpleanos","11":"product_tag-novios","12":"product_tag-parejas","13":"product_tag-prendas-unicas","14":"product_tag-regalo-parejas","15":"product_tag-regalo-personalizado","16":"product_tag-ropa","17":"product_tag-san-valentin","18":"product_tag-sudadera-personalizada","19":"product_tag-vemzom","21":"first","22":"instock","23":"shipping-taxable","24":"purchasable","25":"product-type-variable"},"jetpack_sharing_enabled":true,"_links":{"self":[{"href":"https:\/\/vemzom.com\/index.php?rest_route=\/wp\/v2\/product\/208","targetHints":{"allow":["GET"]}}],"collection":[{"href":"https:\/\/vemzom.com\/index.php?rest_route=\/wp\/v2\/product"}],"about":[{"href":"https:\/\/vemzom.com\/index.php?rest_route=\/wp\/v2\/types\/product"}],"replies":[{"embeddable":true,"href":"https:\/\/vemzom.com\/index.php?rest_route=%2Fwp%2Fv2%2Fcomments&post=208"}],"wp:featuredmedia":[{"embeddable":true,"href":"https:\/\/vemzom.com\/index.php?rest_route=\/wp\/v2\/media\/261"}],"wp:attachment":[{"href":"https:\/\/vemzom.com\/index.php?rest_route=%2Fwp%2Fv2%2Fmedia&parent=208"}],"wp:term":[{"taxonomy":"product_brand","embeddable":true,"href":"https:\/\/vemzom.com\/index.php?rest_route=%2Fwp%2Fv2%2Fproduct_brand&post=208"},{"taxonomy":"product_cat","embeddable":true,"href":"https:\/\/vemzom.com\/index.php?rest_route=%2Fwp%2Fv2%2Fproduct_cat&post=208"},{"taxonomy":"product_tag","embeddable":true,"href":"https:\/\/vemzom.com\/index.php?rest_route=%2Fwp%2Fv2%2Fproduct_tag&post=208"}],"curies":[{"name":"wp","href":"https:\/\/api.w.org\/{rel}","templated":true}]}}